{"id":4816,"date":"2024-12-04T09:56:06","date_gmt":"2024-12-04T09:56:06","guid":{"rendered":"https:\/\/demo2wpopal.b-cdn.net\/diteck\/?page_id=4816"},"modified":"2025-09-16T09:48:02","modified_gmt":"2025-09-16T09:48:02","slug":"casos-de-prediccion-aplicada","status":"publish","type":"page","link":"https:\/\/simballsport.es\/en\/casos-de-prediccion-aplicada\/","title":{"rendered":"Casos de Predicci\u00f3n Aplicada"},"content":{"rendered":"<div data-elementor-type=\"wp-page\" data-elementor-id=\"4816\" class=\"elementor elementor-4816\">\n\t\t\t\t<div class=\"elementor-element elementor-element-dcca893 e-flex e-con-boxed e-con e-parent\" data-id=\"dcca893\" data-element_type=\"container\" data-e-type=\"container\">\n\t\t\t\t\t<div class=\"e-con-inner\">\n\t\t<div class=\"elementor-element elementor-element-c21eddc e-con-full e-flex e-con e-child\" data-id=\"c21eddc\" data-element_type=\"container\" data-e-type=\"container\">\n\t\t\t\t<div class=\"elementor-element elementor-element-a8d7476 icon-list-style-diteck-yes animated-fast elementor-icon-list--layout-traditional elementor-list-item-link-full_width elementor-invisible elementor-widget elementor-widget-icon-list\" data-id=\"a8d7476\" data-element_type=\"widget\" data-e-type=\"widget\" data-settings=\"{&quot;_animation&quot;:&quot;opal-scale-up&quot;}\" data-widget_type=\"icon-list.default\">\n\t\t\t\t<div class=\"elementor-widget-container\">\n\t\t\t\t\t\t\t<ul class=\"elementor-icon-list-items\">\n\t\t\t\t\t\t\t<li class=\"elementor-icon-list-item\">\n\t\t\t\t\t\t\t\t\t\t\t<span class=\"elementor-icon-list-icon\">\n\t\t\t\t\t\t\t<i aria-hidden=\"true\" class=\"diteck-icon- diteck-icon-square-1\"><\/i>\t\t\t\t\t\t<\/span>\n\t\t\t\t\t\t\t\t\t\t<span class=\"elementor-icon-list-text\">Aplicaciones de SimballSport<\/span>\n\t\t\t\t\t\t\t\t\t<\/li>\n\t\t\t\t\t\t<\/ul>\n\t\t\t\t\t\t<\/div>\n\t\t\t\t<\/div>\n\t\t\t\t<\/div>\n\t\t<div class=\"elementor-element elementor-element-b10c93b e-con-full animated-fast e-flex elementor-invisible e-con e-child\" data-id=\"b10c93b\" data-element_type=\"container\" data-e-type=\"container\" data-settings=\"{&quot;animation&quot;:&quot;opal-move-up&quot;}\">\n\t\t\t\t<div class=\"elementor-element elementor-element-275f6c7 elementor-widget__width-initial animated-fast elementor-invisible elementor-widget elementor-widget-heading\" data-id=\"275f6c7\" data-element_type=\"widget\" data-e-type=\"widget\" data-settings=\"{&quot;_animation&quot;:&quot;opal-move-up&quot;}\" data-widget_type=\"heading.default\">\n\t\t\t\t<div class=\"elementor-widget-container\">\n\t\t\t\t\t<h2 class=\"elementor-heading-title elementor-size-default\">Conoce a trav\u00e9s de aplicaciones de casos reales c\u00f3mo   puede ayudarte nuestra IA<\/h2>\t\t\t\t<\/div>\n\t\t\t\t<\/div>\n\t\t\t\t<\/div>\n\t\t<div class=\"elementor-element elementor-element-6c18abf e-con-full animated-fast e-flex elementor-invisible e-con e-child\" data-id=\"6c18abf\" data-element_type=\"container\" data-e-type=\"container\" data-settings=\"{&quot;animation&quot;:&quot;opal-move-right&quot;}\">\n\t\t\t\t<div class=\"elementor-element elementor-element-7d2f506 animated-fast elementor-project-style-1 elementor-widget elementor-widget-diteck-projects\" data-id=\"7d2f506\" data-element_type=\"widget\" data-e-type=\"widget\" data-settings=\"{&quot;_animation&quot;:&quot;none&quot;}\" data-widget_type=\"diteck-projects.default\">\n\t\t\t\t<div class=\"elementor-widget-container\">\n\t\t\t\t\t        <div class=\"elementor-project-wrapper\">\n            <div class=\"d-grid\">\n                                    <div class=\"grid-item\">\n                        <div class=\"project-item project-style-1\" style=\"--project-bg:#66bc97;--project-text:#ffffff;\">\n    <div class=\"project-post-thumbnail\">\n        <div class=\"project-icon\"><img decoding=\"async\" src=\"https:\/\/simballsport.es\/wp-content\/uploads\/2025\/02\/SimBall_Blanco_sombra.png\" alt=\"project icon\"><\/div>                    <img fetchpriority=\"high\" decoding=\"async\" width=\"900\" height=\"506\" src=\"https:\/\/simballsport.es\/wp-content\/uploads\/2025\/05\/SimbalSport_58-min-1024x576.jpg\" class=\"attachment-large size-large wp-post-image\" alt=\"\" srcset=\"https:\/\/simballsport.es\/wp-content\/uploads\/2025\/05\/SimbalSport_58-min-1024x576.jpg 1024w, https:\/\/simballsport.es\/wp-content\/uploads\/2025\/05\/SimbalSport_58-min-300x169.jpg 300w, https:\/\/simballsport.es\/wp-content\/uploads\/2025\/05\/SimbalSport_58-min-768x432.jpg 768w, https:\/\/simballsport.es\/wp-content\/uploads\/2025\/05\/SimbalSport_58-min-1536x864.jpg 1536w, https:\/\/simballsport.es\/wp-content\/uploads\/2025\/05\/SimbalSport_58-min.jpg 1920w\" sizes=\"(max-width: 900px) 100vw, 900px\" \/>        \n    <\/div><!-- .post-thumbnail -->\n    <div class=\"project-content\">\n        <h5 class=\"project-title omega\"><a href=\"https:\/\/simballsport.es\/en\/projects\/julian-alvarez-el-caso-de-exito-que-confirma-el-poder-de-simballsport\/\">Juli\u00e1n \u00c1lvarez: el caso de \u00e9xito que confirma el poder de SimballSport<\/a><\/h5>\n        <div class=\"project-categories\"><a href=\"https:\/\/simballsport.es\/en\/category-project\/team-performance\/\" rel=\"tag\">Team Performance<\/a><\/div>    <\/div>\n<\/div>\n                    <\/div>\n                                        <div class=\"grid-item\">\n                        <div class=\"project-item project-style-1\" style=\"--project-bg:#66bc97;--project-text:#ffffff;\">\n    <div class=\"project-post-thumbnail\">\n        <div class=\"project-icon\"><img decoding=\"async\" src=\"https:\/\/simballsport.es\/wp-content\/uploads\/2025\/02\/SimBall_Blanco_sombra.png\" alt=\"project icon\"><\/div>                    <img decoding=\"async\" width=\"900\" height=\"506\" src=\"https:\/\/simballsport.es\/wp-content\/uploads\/2024\/11\/SimbalSport_59-1024x576.png\" class=\"attachment-large size-large wp-post-image\" alt=\"\" srcset=\"https:\/\/simballsport.es\/wp-content\/uploads\/2024\/11\/SimbalSport_59-1024x576.png 1024w, https:\/\/simballsport.es\/wp-content\/uploads\/2024\/11\/SimbalSport_59-300x169.png 300w, https:\/\/simballsport.es\/wp-content\/uploads\/2024\/11\/SimbalSport_59-768x432.png 768w, https:\/\/simballsport.es\/wp-content\/uploads\/2024\/11\/SimbalSport_59-1536x864.png 1536w, https:\/\/simballsport.es\/wp-content\/uploads\/2024\/11\/SimbalSport_59.png 1920w\" sizes=\"(max-width: 900px) 100vw, 900px\" \/>        \n    <\/div><!-- .post-thumbnail -->\n    <div class=\"project-content\">\n        <h5 class=\"project-title omega\"><a href=\"https:\/\/simballsport.es\/en\/projects\/real-madrid-optimizacion-tactica-ia-2\/\">Real Madrid 24\/25: optimizaci\u00f3n t\u00e1ctica con inteligencia artificial<\/a><\/h5>\n        <div class=\"project-categories\"><a href=\"https:\/\/simballsport.es\/en\/category-project\/team-performance\/\" rel=\"tag\">Team Performance<\/a><\/div>    <\/div>\n<\/div>\n                    <\/div>\n                                        <div class=\"grid-item\">\n                        <div class=\"project-item project-style-1\" style=\"--project-bg:#66bc97;--project-text:#ffffff;\">\n    <div class=\"project-post-thumbnail\">\n        <div class=\"project-icon\"><img decoding=\"async\" src=\"https:\/\/simballsport.es\/wp-content\/uploads\/2025\/02\/SimBall_Blanco_sombra.png\" alt=\"project icon\"><\/div>                    <img decoding=\"async\" width=\"900\" height=\"506\" src=\"https:\/\/simballsport.es\/wp-content\/uploads\/2024\/11\/SimbalSport_57-min-1024x576.png\" class=\"attachment-large size-large wp-post-image\" alt=\"\" srcset=\"https:\/\/simballsport.es\/wp-content\/uploads\/2024\/11\/SimbalSport_57-min-1024x576.png 1024w, https:\/\/simballsport.es\/wp-content\/uploads\/2024\/11\/SimbalSport_57-min-300x169.png 300w, https:\/\/simballsport.es\/wp-content\/uploads\/2024\/11\/SimbalSport_57-min-768x432.png 768w, https:\/\/simballsport.es\/wp-content\/uploads\/2024\/11\/SimbalSport_57-min-1536x864.png 1536w, https:\/\/simballsport.es\/wp-content\/uploads\/2024\/11\/SimbalSport_57-min.png 1920w\" sizes=\"(max-width: 900px) 100vw, 900px\" \/>        \n    <\/div><!-- .post-thumbnail -->\n    <div class=\"project-content\">\n        <h5 class=\"project-title omega\"><a href=\"https:\/\/simballsport.es\/en\/projects\/prediccion-del-rendimiento-colectivo-en-laliga-24-25-con-un-93-de-fiabilidad\/\">Predicci\u00f3n del rendimiento colectivo en LaLiga 24\/25 con un 93\u202f% de fiabilidad<\/a><\/h5>\n        <div class=\"project-categories\"><a href=\"https:\/\/simballsport.es\/en\/category-project\/team-performance\/\" rel=\"tag\">Team Performance<\/a><\/div>    <\/div>\n<\/div>\n                    <\/div>\n                                        <div class=\"grid-item\">\n                        <div class=\"project-item project-style-1\" style=\"--project-bg:#66bc97;--project-text:#ffffff;\">\n    <div class=\"project-post-thumbnail\">\n        <div class=\"project-icon\"><img decoding=\"async\" src=\"https:\/\/simballsport.es\/wp-content\/uploads\/2025\/02\/SimBall_Blanco_sombra.png\" alt=\"project icon\"><\/div>                    <img loading=\"lazy\" decoding=\"async\" width=\"900\" height=\"506\" src=\"https:\/\/simballsport.es\/wp-content\/uploads\/2024\/11\/SimbalSport_63-min-1024x576.png\" class=\"attachment-large size-large wp-post-image\" alt=\"\" srcset=\"https:\/\/simballsport.es\/wp-content\/uploads\/2024\/11\/SimbalSport_63-min-1024x576.png 1024w, https:\/\/simballsport.es\/wp-content\/uploads\/2024\/11\/SimbalSport_63-min-300x169.png 300w, https:\/\/simballsport.es\/wp-content\/uploads\/2024\/11\/SimbalSport_63-min-768x432.png 768w, https:\/\/simballsport.es\/wp-content\/uploads\/2024\/11\/SimbalSport_63-min-1536x864.png 1536w, https:\/\/simballsport.es\/wp-content\/uploads\/2024\/11\/SimbalSport_63-min.png 1920w\" sizes=\"(max-width: 900px) 100vw, 900px\" \/>        \n    <\/div><!-- .post-thumbnail -->\n    <div class=\"project-content\">\n        <h5 class=\"project-title omega\"><a href=\"https:\/\/simballsport.es\/en\/projects\/rodri-lucy-el-balon-de-oro-que-ya-conocia-la-ia\/\">Rodri &#038; Lucy: el Bal\u00f3n de Oro que ya conoc\u00eda la IA<\/a><\/h5>\n        <div class=\"project-categories\"><a href=\"https:\/\/simballsport.es\/en\/category-project\/player-performance\/\" rel=\"tag\">Player Performance<\/a><\/div>    <\/div>\n<\/div>\n                    <\/div>\n                                <\/div>\n\n        <\/div>\n                \t\t\t\t<\/div>\n\t\t\t\t<\/div>\n\t\t\t\t<\/div>\n\t\t\t\t\t<\/div>\n\t\t\t\t<\/div>\n\t\t<div class=\"elementor-element elementor-element-c517479 e-con-full e-flex e-con e-parent\" data-id=\"c517479\" data-element_type=\"container\" data-e-type=\"container\">\n\t\t<div class=\"elementor-element elementor-element-b845af5 e-flex e-con-boxed e-con e-child\" data-id=\"b845af5\" data-element_type=\"container\" data-e-type=\"container\" data-settings=\"{&quot;background_background&quot;:&quot;classic&quot;}\">\n\t\t\t\t\t<div class=\"e-con-inner\">\n\t\t\t\t<div class=\"elementor-element elementor-element-c690cf7 icon-list-style-diteck-yes animated-fast elementor-icon-list--layout-traditional elementor-list-item-link-full_width elementor-invisible elementor-widget elementor-widget-icon-list\" data-id=\"c690cf7\" data-element_type=\"widget\" data-e-type=\"widget\" data-settings=\"{&quot;_animation&quot;:&quot;opal-scale-up&quot;}\" data-widget_type=\"icon-list.default\">\n\t\t\t\t<div class=\"elementor-widget-container\">\n\t\t\t\t\t\t\t<ul class=\"elementor-icon-list-items\">\n\t\t\t\t\t\t\t<li class=\"elementor-icon-list-item\">\n\t\t\t\t\t\t\t\t\t\t\t<span class=\"elementor-icon-list-icon\">\n\t\t\t\t\t\t\t<i aria-hidden=\"true\" class=\"diteck-icon- diteck-icon-square-1\"><\/i>\t\t\t\t\t\t<\/span>\n\t\t\t\t\t\t\t\t\t\t<span class=\"elementor-icon-list-text\">Contacta con nosotros<\/span>\n\t\t\t\t\t\t\t\t\t<\/li>\n\t\t\t\t\t\t<\/ul>\n\t\t\t\t\t\t<\/div>\n\t\t\t\t<\/div>\n\t\t\t\t<div class=\"elementor-element elementor-element-b8cbb58 animated-fast elementor-widget-tablet__width-initial elementor-invisible elementor-widget elementor-widget-heading\" data-id=\"b8cbb58\" data-element_type=\"widget\" data-e-type=\"widget\" data-settings=\"{&quot;_animation&quot;:&quot;opal-move-up&quot;}\" data-widget_type=\"heading.default\">\n\t\t\t\t<div class=\"elementor-widget-container\">\n\t\t\t\t\t<h2 class=\"elementor-heading-title elementor-size-default\">Decisiones basadas en datos\n<\/h2>\t\t\t\t<\/div>\n\t\t\t\t<\/div>\n\t\t\t\t<div class=\"elementor-element elementor-element-3cd6fe8 elementor-button-type-default animated-fast icon-diteck-left elementor-invisible elementor-widget elementor-widget-diteck-button\" data-id=\"3cd6fe8\" data-element_type=\"widget\" data-e-type=\"widget\" data-settings=\"{&quot;_animation&quot;:&quot;opal-move-up&quot;}\" data-widget_type=\"diteck-button.default\">\n\t\t\t\t<div class=\"elementor-widget-container\">\n\t\t\t\t\t        <div class=\"elementor-button-wrapper\">\n            <a href=\"http:\/\/simballsport.es\/en\/contacto\/\" class=\"elementor-button-link elementor-button elementor-size-sm\" role=\"button\">\n                        <span class=\"elementor-button-content-wrapper\">\n                          <span class=\"elementor-button-icon elementor-align-icon-left\">\n\t\t\t\t<svg xmlns=\"http:\/\/www.w3.org\/2000\/svg\" width=\"32\" height=\"32\" viewbox=\"0 0 32 32\"><path class=\"btn-icon__icon\" d=\"M15.52 4.953c-.47.155-.904.523-1.125.956-.109.213-.128.327-.128.758 0 .43.019.546.131.773.101.206.87 1.009 3.384 3.533l3.253 3.266-7.438.014-7.437.014-.267.141a2.097 2.097 0 0 0-.831.834c-.109.213-.129.328-.129.758 0 .431.02.544.129.759.165.323.523.68.845.845l.253.129 7.437.014 7.438.014-3.253 3.266c-2.514 2.524-3.283 3.327-3.384 3.533-.112.227-.131.343-.131.773 0 .594.104.858.489 1.244.386.386.65.49 1.244.49.429 0 .547-.02.773-.131.391-.191 9.972-9.772 10.163-10.163.111-.226.131-.344.131-.773 0-.429-.02-.547-.131-.773-.103-.211-1.155-1.293-4.986-5.129-5.414-5.42-5.101-5.143-5.87-5.172-.235-.009-.487.003-.56.027\"><\/path><path class=\"btn-icon__icon\" d=\"M15.52 4.953c-.47.155-.904.523-1.125.956-.109.213-.128.327-.128.758 0 .43.019.546.131.773.101.206.87 1.009 3.384 3.533l3.253 3.266-7.438.014-7.437.014-.267.141a2.097 2.097 0 0 0-.831.834c-.109.213-.129.328-.129.758 0 .431.02.544.129.759.165.323.523.68.845.845l.253.129 7.437.014 7.438.014-3.253 3.266c-2.514 2.524-3.283 3.327-3.384 3.533-.112.227-.131.343-.131.773 0 .594.104.858.489 1.244.386.386.65.49 1.244.49.429 0 .547-.02.773-.131.391-.191 9.972-9.772 10.163-10.163.111-.226.131-.344.131-.773 0-.429-.02-.547-.131-.773-.103-.211-1.155-1.293-4.986-5.129-5.414-5.42-5.101-5.143-5.87-5.172-.235-.009-.487.003-.56.027\"><\/path><\/svg>\t\t\t<\/span>\n            \t\t\t<span class=\"elementor-button-text\" data-name=\"\u00bfEmpezamos?\">\n                <span>\u00bfEmpezamos?<\/span>\n            <\/span>\n\t\t<\/span>\n                    <\/a>\n        <\/div>\n        \t\t\t\t<\/div>\n\t\t\t\t<\/div>\n\t\t\t\t\t<\/div>\n\t\t\t\t<\/div>\n\t\t                <div class=\"custom-elementor-parallax\" data-id=\"b845af5\" data-settings=\"{&quot;type&quot;:&quot;scroll&quot;,&quot;speed&quot;:&quot;1.2&quot;,&quot;keepImg&quot;:&quot;true&quot;,&quot;imgSize&quot;:&quot;cover&quot;,&quot;imgPosition&quot;:&quot;50% 0%&quot;,&quot;noAndroid&quot;:&quot;false&quot;,&quot;noIos&quot;:&quot;false&quot;}\"><\/div>\n            \t\t<\/div>\n\t\t\t\t<\/div>","protected":false},"excerpt":{"rendered":"<p>Aplicaciones de SimballSport Conoce a trav\u00e9s de aplicaciones de casos reales c\u00f3mo puede ayudarte nuestra IA Juli\u00e1n \u00c1lvarez: el caso de \u00e9xito que confirma el poder de SimballSport Team Performance [&hellip;]<\/p>\n","protected":false},"author":2,"featured_media":0,"parent":0,"menu_order":0,"comment_status":"closed","ping_status":"closed","template":"","meta":{"footnotes":""},"class_list":["post-4816","page","type-page","status-publish","hentry"],"_links":{"self":[{"href":"https:\/\/simballsport.es\/en\/wp-json\/wp\/v2\/pages\/4816","targetHints":{"allow":["GET"]}}],"collection":[{"href":"https:\/\/simballsport.es\/en\/wp-json\/wp\/v2\/pages"}],"about":[{"href":"https:\/\/simballsport.es\/en\/wp-json\/wp\/v2\/types\/page"}],"author":[{"embeddable":true,"href":"https:\/\/simballsport.es\/en\/wp-json\/wp\/v2\/users\/2"}],"replies":[{"embeddable":true,"href":"https:\/\/simballsport.es\/en\/wp-json\/wp\/v2\/comments?post=4816"}],"version-history":[{"count":36,"href":"https:\/\/simballsport.es\/en\/wp-json\/wp\/v2\/pages\/4816\/revisions"}],"predecessor-version":[{"id":9181,"href":"https:\/\/simballsport.es\/en\/wp-json\/wp\/v2\/pages\/4816\/revisions\/9181"}],"wp:attachment":[{"href":"https:\/\/simballsport.es\/en\/wp-json\/wp\/v2\/media?parent=4816"}],"curies":[{"name":"wp","href":"https:\/\/api.w.org\/{rel}","templated":true}]}}